{"id":2,"date":"2023-10-02T06:05:04","date_gmt":"2023-10-02T03:05:04","guid":{"rendered":"https:\/\/www.muzikogren.com\/?page_id=2"},"modified":"2023-11-13T22:30:36","modified_gmt":"2023-11-13T19:30:36","slug":"ornek-sayfa","status":"publish","type":"page","link":"https:\/\/www.muzikogren.com\/index.php\/ornek-sayfa\/","title":{"rendered":"Hakk\u0131m\u0131zda"},"content":{"rendered":"\n<p> M\u00fczik \u00d6\u011fren E\u011fitim Platformu, m\u00fczik e\u011fitiminin temellerini, do\u011fru \u015fekilde, kolayl\u0131kla, a\u015fama a\u015fama s\u0131kmadan \u00f6\u011fretmek amac\u0131yla \u00e7evrim i\u00e7i kurs ve kitaplar sunmak \u00fczere kurulmu\u015f bir platfomdur.<\/p>\n","protected":false},"excerpt":{"rendered":"<p>M\u00fczik \u00d6\u011fren E\u011fitim Platformu, m\u00fczik e\u011fitiminin temellerini, do\u011fru \u015fekilde, kolayl\u0131kla, a\u015fama a\u015fama s\u0131kmadan \u00f6\u011fretmek amac\u0131yla \u00e7evrim i\u00e7i kurs ve kitaplar sunmak \u00fczere kurulmu\u015f bir platfomdur.<\/p>\n","protected":false},"author":2,"featured_media":0,"parent":0,"menu_order":0,"comment_status":"closed","ping_status":"open","template":"","meta":{"footnotes":""},"class_list":["post-2","page","type-page","status-publish","hentry"],"_links":{"self":[{"href":"https:\/\/www.muzikogren.com\/index.php\/wp-json\/wp\/v2\/pages\/2","targetHints":{"allow":["GET"]}}],"collection":[{"href":"https:\/\/www.muzikogren.com\/index.php\/wp-json\/wp\/v2\/pages"}],"about":[{"href":"https:\/\/www.muzikogren.com\/index.php\/wp-json\/wp\/v2\/types\/page"}],"author":[{"embeddable":true,"href":"https:\/\/www.muzikogren.com\/index.php\/wp-json\/wp\/v2\/users\/2"}],"replies":[{"embeddable":true,"href":"https:\/\/www.muzikogren.com\/index.php\/wp-json\/wp\/v2\/comments?post=2"}],"version-history":[{"count":2,"href":"https:\/\/www.muzikogren.com\/index.php\/wp-json\/wp\/v2\/pages\/2\/revisions"}],"predecessor-version":[{"id":19,"href":"https:\/\/www.muzikogren.com\/index.php\/wp-json\/wp\/v2\/pages\/2\/revisions\/19"}],"wp:attachment":[{"href":"https:\/\/www.muzikogren.com\/index.php\/wp-json\/wp\/v2\/media?parent=2"}],"curies":[{"name":"wp","href":"https:\/\/api.w.org\/{rel}","templated":true}]}}